{"id":179,"date":"2023-08-10T08:41:08","date_gmt":"2023-08-10T11:41:08","guid":{"rendered":"https:\/\/sulsc.com\/?page_id=179"},"modified":"2023-08-15T10:43:46","modified_gmt":"2023-08-15T13:43:46","slug":"colunistas","status":"publish","type":"page","link":"https:\/\/sulsc.com\/index.php\/colunistas\/","title":{"rendered":"Colunistas"},"content":{"rendered":"\t\t<div data-elementor-type=\"wp-page\" data-elementor-id=\"179\" class=\"elementor elementor-179\" data-elementor-post-type=\"page\">\n\t\t\t\t\t\t<section class=\"elementor-section elementor-top-section elementor-element elementor-element-ad06d4e elementor-section-boxed elementor-section-height-default elementor-section-height-default\" data-id=\"ad06d4e\" data-element_type=\"section\">\n\t\t\t\t\t\t<div class=\"elementor-container elementor-column-gap-default\">\n\t\t\t\t\t<div class=\"elementor-column elementor-col-100 elementor-top-column elementor-element elementor-element-c620040\" data-id=\"c620040\" data-element_type=\"column\">\n\t\t\t<div class=\"elementor-widget-wrap elementor-element-populated\">\n\t\t\t\t\t\t<div class=\"elementor-element elementor-element-eea62f9 elementor-widget elementor-widget-heading\" data-id=\"eea62f9\" data-element_type=\"widget\" data-widget_type=\"heading.default\">\n\t\t\t\t<div class=\"elementor-widget-container\">\n\t\t\t\t\t<h2 class=\"elementor-heading-title elementor-size-default\">COLUNISTAS<\/h2>\t\t\t\t<\/div>\n\t\t\t\t<\/div>\n\t\t\t\t\t<\/div>\n\t\t<\/div>\n\t\t\t\t\t<\/div>\n\t\t<\/section>\n\t\t\t\t<section class=\"elementor-section elementor-top-section elementor-element elementor-element-92a35d5 elementor-section-boxed elementor-section-height-default elementor-section-height-default\" data-id=\"92a35d5\" data-element_type=\"section\">\n\t\t\t\t\t\t<div class=\"elementor-container elementor-column-gap-default\">\n\t\t\t\t\t<div class=\"elementor-column elementor-col-100 elementor-top-column elementor-element elementor-element-fb7c4b6\" data-id=\"fb7c4b6\" data-element_type=\"column\">\n\t\t\t<div class=\"elementor-widget-wrap elementor-element-populated\">\n\t\t\t\t\t\t<div class=\"elementor-element elementor-element-b49e767 elementor-widget elementor-widget-text-editor\" data-id=\"b49e767\" data-element_type=\"widget\" data-widget_type=\"text-editor.default\">\n\t\t\t\t<div class=\"elementor-widget-container\">\n\t\t\t\t\t\t\t\t\t<p>Conhe\u00e7a nossos colunistas que trazem perspectivas \u00fanicas e an\u00e1lises aprofundadas sobre temas locais e globais. De pol\u00edtica a cultura, nossos especialistas compartilham conhecimento e vis\u00f5es inspiradoras toda semana. Mantenha-se informado e envolvido com as vozes que moldam a nossa regi\u00e3o. Explore o pensamento diversificado e provocativo de nossos colunistas, enriquecendo sua compreens\u00e3o e conectando voc\u00ea ao cora\u00e7\u00e3o pulsante de Santa Catarina e al\u00e9m. Junte-se a n\u00f3s na jornada da descoberta e reflex\u00e3o.<\/p>\t\t\t\t\t\t\t\t<\/div>\n\t\t\t\t<\/div>\n\t\t\t\t\t<\/div>\n\t\t<\/div>\n\t\t\t\t\t<\/div>\n\t\t<\/section>\n\t\t\t\t<section class=\"elementor-section elementor-top-section elementor-element elementor-element-1ca59b0 elementor-section-boxed elementor-section-height-default elementor-section-height-default\" data-id=\"1ca59b0\" data-element_type=\"section\">\n\t\t\t\t\t\t<div class=\"elementor-container elementor-column-gap-default\">\n\t\t\t\t\t<div class=\"elementor-column elementor-col-100 elementor-top-column elementor-element elementor-element-00d67cc\" data-id=\"00d67cc\" data-element_type=\"column\">\n\t\t\t<div class=\"elementor-widget-wrap elementor-element-populated\">\n\t\t\t\t\t\t<div class=\"elementor-element elementor-element-331a6a7 elementor-widget elementor-widget-shortcode\" data-id=\"331a6a7\" data-element_type=\"widget\" data-widget_type=\"shortcode.default\">\n\t\t\t\t<div class=\"elementor-widget-container\">\n\t\t\t\t\t\t\t<div class=\"elementor-shortcode\">\t<\/div>\n\t\t\t\t\t\t<\/div>\n\t\t\t\t<\/div>\n\t\t\t\t\t<\/div>\n\t\t<\/div>\n\t\t\t\t\t<\/div>\n\t\t<\/section>\n\t\t\t\t<\/div>\n\t\t","protected":false},"excerpt":{"rendered":"<p>COLUNISTAS Conhe\u00e7a nossos colunistas que trazem perspectivas \u00fanicas e an\u00e1lises aprofundadas sobre temas locais e globais. De pol\u00edtica a cultura, nossos especialistas compartilham conhecimento e vis\u00f5es inspiradoras toda semana. Mantenha-se informado e envolvido com as vozes que moldam a nossa regi\u00e3o. Explore o pensamento diversificado e provocativo de nossos colunistas, enriquecendo sua compreens\u00e3o e conectando &hellip;<\/p>\n<p class=\"read-more\"> <a class=\"\" href=\"https:\/\/sulsc.com\/index.php\/colunistas\/\"> <span class=\"screen-reader-text\">Colunistas<\/span> Read More &raquo;<\/a><\/p>\n","protected":false},"author":3,"featured_media":0,"parent":0,"menu_order":0,"comment_status":"closed","ping_status":"closed","template":"","meta":{"site-sidebar-layout":"no-sidebar","site-content-layout":"page-builder","ast-site-content-layout":"","site-content-style":"default","site-sidebar-style":"default","ast-global-header-display":"","ast-banner-title-visibility":"","ast-main-header-display":"","ast-hfb-above-header-display":"","ast-hfb-below-header-display":"","ast-hfb-mobile-header-display":"","site-post-title":"disabled","ast-breadcrumbs-content":"","ast-featured-img":"disabled","footer-sml-layout":"","theme-transparent-header-meta":"","adv-header-id-meta":"","stick-header-meta":"","header-above-stick-meta":"","header-main-stick-meta":"","header-below-stick-meta":"","astra-migrate-meta-layouts":"","footnotes":""},"yoast_head":"<!-- This site is optimized with the Yoast SEO plugin v21.4 - https:\/\/yoast.com\/wordpress\/plugins\/seo\/ -->\n<title>Colunistas -<\/title>\n<meta name=\"robots\" content=\"index, follow, max-snippet:-1, max-image-preview:large, max-video-preview:-1\" \/>\n<link rel=\"canonical\" href=\"https:\/\/sulsc.com\/index.php\/colunistas\/\" \/>\n<meta property=\"og:locale\" content=\"en_US\" \/>\n<meta property=\"og:type\" content=\"article\" \/>\n<meta property=\"og:title\" content=\"Colunistas -\" \/>\n<meta property=\"og:description\" content=\"COLUNISTAS Conhe\u00e7a nossos colunistas que trazem perspectivas \u00fanicas e an\u00e1lises aprofundadas sobre temas locais e globais. De pol\u00edtica a cultura, nossos especialistas compartilham conhecimento e vis\u00f5es inspiradoras toda semana. Mantenha-se informado e envolvido com as vozes que moldam a nossa regi\u00e3o. Explore o pensamento diversificado e provocativo de nossos colunistas, enriquecendo sua compreens\u00e3o e conectando &hellip; Colunistas Read More &raquo;\" \/>\n<meta property=\"og:url\" content=\"https:\/\/sulsc.com\/index.php\/colunistas\/\" \/>\n<meta property=\"article:modified_time\" content=\"2023-08-15T13:43:46+00:00\" \/>\n<meta name=\"twitter:card\" content=\"summary_large_image\" \/>\n<script type=\"application\/ld+json\" class=\"yoast-schema-graph\">{\"@context\":\"https:\/\/schema.org\",\"@graph\":[{\"@type\":\"WebPage\",\"@id\":\"https:\/\/sulsc.com\/index.php\/colunistas\/\",\"url\":\"https:\/\/sulsc.com\/index.php\/colunistas\/\",\"name\":\"Colunistas -\",\"isPartOf\":{\"@id\":\"https:\/\/sulsc.com\/#website\"},\"datePublished\":\"2023-08-10T11:41:08+00:00\",\"dateModified\":\"2023-08-15T13:43:46+00:00\",\"breadcrumb\":{\"@id\":\"https:\/\/sulsc.com\/index.php\/colunistas\/#breadcrumb\"},\"inLanguage\":\"en-US\",\"potentialAction\":[{\"@type\":\"ReadAction\",\"target\":[\"https:\/\/sulsc.com\/index.php\/colunistas\/\"]}]},{\"@type\":\"BreadcrumbList\",\"@id\":\"https:\/\/sulsc.com\/index.php\/colunistas\/#breadcrumb\",\"itemListElement\":[{\"@type\":\"ListItem\",\"position\":1,\"name\":\"In\u00edcio\",\"item\":\"https:\/\/sulsc.com\/\"},{\"@type\":\"ListItem\",\"position\":2,\"name\":\"Colunistas\"}]},{\"@type\":\"WebSite\",\"@id\":\"https:\/\/sulsc.com\/#website\",\"url\":\"https:\/\/sulsc.com\/\",\"name\":\"\",\"description\":\"\",\"potentialAction\":[{\"@type\":\"SearchAction\",\"target\":{\"@type\":\"EntryPoint\",\"urlTemplate\":\"https:\/\/sulsc.com\/?s={search_term_string}\"},\"query-input\":\"required name=search_term_string\"}],\"inLanguage\":\"en-US\"}]}<\/script>\n<!-- \/ Yoast SEO plugin. -->","yoast_head_json":{"title":"Colunistas -","robots":{"index":"index","follow":"follow","max-snippet":"max-snippet:-1","max-image-preview":"max-image-preview:large","max-video-preview":"max-video-preview:-1"},"canonical":"https:\/\/sulsc.com\/index.php\/colunistas\/","og_locale":"en_US","og_type":"article","og_title":"Colunistas -","og_description":"COLUNISTAS Conhe\u00e7a nossos colunistas que trazem perspectivas \u00fanicas e an\u00e1lises aprofundadas sobre temas locais e globais. De pol\u00edtica a cultura, nossos especialistas compartilham conhecimento e vis\u00f5es inspiradoras toda semana. Mantenha-se informado e envolvido com as vozes que moldam a nossa regi\u00e3o. Explore o pensamento diversificado e provocativo de nossos colunistas, enriquecendo sua compreens\u00e3o e conectando &hellip; Colunistas Read More &raquo;","og_url":"https:\/\/sulsc.com\/index.php\/colunistas\/","article_modified_time":"2023-08-15T13:43:46+00:00","twitter_card":"summary_large_image","schema":{"@context":"https:\/\/schema.org","@graph":[{"@type":"WebPage","@id":"https:\/\/sulsc.com\/index.php\/colunistas\/","url":"https:\/\/sulsc.com\/index.php\/colunistas\/","name":"Colunistas -","isPartOf":{"@id":"https:\/\/sulsc.com\/#website"},"datePublished":"2023-08-10T11:41:08+00:00","dateModified":"2023-08-15T13:43:46+00:00","breadcrumb":{"@id":"https:\/\/sulsc.com\/index.php\/colunistas\/#breadcrumb"},"inLanguage":"en-US","potentialAction":[{"@type":"ReadAction","target":["https:\/\/sulsc.com\/index.php\/colunistas\/"]}]},{"@type":"BreadcrumbList","@id":"https:\/\/sulsc.com\/index.php\/colunistas\/#breadcrumb","itemListElement":[{"@type":"ListItem","position":1,"name":"In\u00edcio","item":"https:\/\/sulsc.com\/"},{"@type":"ListItem","position":2,"name":"Colunistas"}]},{"@type":"WebSite","@id":"https:\/\/sulsc.com\/#website","url":"https:\/\/sulsc.com\/","name":"","description":"","potentialAction":[{"@type":"SearchAction","target":{"@type":"EntryPoint","urlTemplate":"https:\/\/sulsc.com\/?s={search_term_string}"},"query-input":"required name=search_term_string"}],"inLanguage":"en-US"}]}},"_links":{"self":[{"href":"https:\/\/sulsc.com\/index.php\/wp-json\/wp\/v2\/pages\/179"}],"collection":[{"href":"https:\/\/sulsc.com\/index.php\/wp-json\/wp\/v2\/pages"}],"about":[{"href":"https:\/\/sulsc.com\/index.php\/wp-json\/wp\/v2\/types\/page"}],"author":[{"embeddable":true,"href":"https:\/\/sulsc.com\/index.php\/wp-json\/wp\/v2\/users\/3"}],"replies":[{"embeddable":true,"href":"https:\/\/sulsc.com\/index.php\/wp-json\/wp\/v2\/comments?post=179"}],"version-history":[{"count":46,"href":"https:\/\/sulsc.com\/index.php\/wp-json\/wp\/v2\/pages\/179\/revisions"}],"predecessor-version":[{"id":560,"href":"https:\/\/sulsc.com\/index.php\/wp-json\/wp\/v2\/pages\/179\/revisions\/560"}],"wp:attachment":[{"href":"https:\/\/sulsc.com\/index.php\/wp-json\/wp\/v2\/media?parent=179"}],"curies":[{"name":"wp","href":"https:\/\/api.w.org\/{rel}","templated":true}]}}